{"id":422,"date":"2024-06-17T15:05:14","date_gmt":"2024-06-17T13:05:14","guid":{"rendered":"https:\/\/www.sidenorsustainablesteels.com\/acier-durable-et-acier-neutre-sidenor\/"},"modified":"2025-09-05T11:21:08","modified_gmt":"2025-09-05T09:21:08","slug":"acier-durable-et-acier-neutre-sidenor","status":"publish","type":"page","link":"https:\/\/www.sidenorsustainablesteels.com\/fr\/","title":{"rendered":"Acier Durable et Acier Neutre Sidenor"},"content":{"rendered":"","protected":false},"excerpt":{"rendered":"","protected":false},"author":1,"featured_media":0,"parent":0,"menu_order":0,"comment_status":"closed","ping_status":"closed","template":"page-portada-sin-feria.php","meta":{"_acf_changed":false,"footnotes":""},"class_list":["post-422","page","type-page","status-publish","hentry"],"acf":[],"yoast_head":"<!-- This site is optimized with the Yoast SEO plugin v26.4 - https:\/\/yoast.com\/wordpress\/plugins\/seo\/ -->\n<title>Acier Durable et Acier Neutre Sidenor<\/title>\n<meta name=\"description\" content=\"Sidenor figure parmi les fournisseurs d\u2019aciers sp\u00e9ciaux \u00e0 faible empreinte carbone les plus performants. Chez Sidenor, nous mettons en \u0153uvre une vision qui repose sur l\u2019\u00e9valuation du cycle de vie (ECV) afin de r\u00e9duire l\u2019empreinte \u00e9cologique de nos produits. En outre, nous offrons \u00e0 nos clients la possibilit\u00e9 d\u2019acqu\u00e9rir des aciers durables et des aciers neutres.\" \/>\n<meta name=\"robots\" content=\"index, follow, max-snippet:-1, max-image-preview:large, max-video-preview:-1\" \/>\n<link rel=\"canonical\" href=\"https:\/\/www.sidenorsustainablesteels.com\/fr\/\" \/>\n<meta property=\"og:locale\" content=\"fr_FR\" \/>\n<meta property=\"og:type\" content=\"article\" \/>\n<meta property=\"og:title\" content=\"Acier Durable et Acier Neutre Sidenor\" \/>\n<meta property=\"og:description\" content=\"Sidenor figure parmi les fournisseurs d\u2019aciers sp\u00e9ciaux \u00e0 faible empreinte carbone les plus performants. Chez Sidenor, nous mettons en \u0153uvre une vision qui repose sur l\u2019\u00e9valuation du cycle de vie (ECV) afin de r\u00e9duire l\u2019empreinte \u00e9cologique de nos produits. En outre, nous offrons \u00e0 nos clients la possibilit\u00e9 d\u2019acqu\u00e9rir des aciers durables et des aciers neutres.\" \/>\n<meta property=\"og:url\" content=\"https:\/\/www.sidenorsustainablesteels.com\/fr\/\" \/>\n<meta property=\"og:site_name\" content=\"Sidenor Sustainable Steels\" \/>\n<meta property=\"article:modified_time\" content=\"2025-09-05T09:21:08+00:00\" \/>\n<meta property=\"og:image\" content=\"https:\/\/www.sidenorsustainablesteels.com\/wp-content\/uploads\/2024\/03\/sidenorsustainablesteels-wire-og.jpg\" \/>\n\t<meta property=\"og:image:width\" content=\"1200\" \/>\n\t<meta property=\"og:image:height\" content=\"630\" \/>\n\t<meta property=\"og:image:type\" content=\"image\/jpeg\" \/>\n<meta name=\"twitter:card\" content=\"summary_large_image\" \/>\n<script type=\"application\/ld+json\" class=\"yoast-schema-graph\">{\"@context\":\"https:\/\/schema.org\",\"@graph\":[{\"@type\":\"WebPage\",\"@id\":\"https:\/\/www.sidenorsustainablesteels.com\/fr\/\",\"url\":\"https:\/\/www.sidenorsustainablesteels.com\/fr\/\",\"name\":\"Acier Durable et Acier Neutre Sidenor\",\"isPartOf\":{\"@id\":\"https:\/\/www.sidenorsustainablesteels.com\/fr\/#website\"},\"datePublished\":\"2024-06-17T13:05:14+00:00\",\"dateModified\":\"2025-09-05T09:21:08+00:00\",\"description\":\"Sidenor figure parmi les fournisseurs d\u2019aciers sp\u00e9ciaux \u00e0 faible empreinte carbone les plus performants. Chez Sidenor, nous mettons en \u0153uvre une vision qui repose sur l\u2019\u00e9valuation du cycle de vie (ECV) afin de r\u00e9duire l\u2019empreinte \u00e9cologique de nos produits. En outre, nous offrons \u00e0 nos clients la possibilit\u00e9 d\u2019acqu\u00e9rir des aciers durables et des aciers neutres.\",\"breadcrumb\":{\"@id\":\"https:\/\/www.sidenorsustainablesteels.com\/fr\/#breadcrumb\"},\"inLanguage\":\"fr-FR\",\"potentialAction\":[{\"@type\":\"ReadAction\",\"target\":[\"https:\/\/www.sidenorsustainablesteels.com\/fr\/\"]}]},{\"@type\":\"BreadcrumbList\",\"@id\":\"https:\/\/www.sidenorsustainablesteels.com\/fr\/#breadcrumb\",\"itemListElement\":[{\"@type\":\"ListItem\",\"position\":1,\"name\":\"Portada\",\"item\":\"https:\/\/www.sidenorsustainablesteels.com\/fr\/acier-durable-et-acier-neutre-sidenor\/\"},{\"@type\":\"ListItem\",\"position\":2,\"name\":\"Acier Durable et Acier Neutre Sidenor\"}]},{\"@type\":\"WebSite\",\"@id\":\"https:\/\/www.sidenorsustainablesteels.com\/fr\/#website\",\"url\":\"https:\/\/www.sidenorsustainablesteels.com\/fr\/\",\"name\":\"Sidenor Sustainable and Neutral Steels\",\"description\":\"\",\"publisher\":{\"@id\":\"https:\/\/www.sidenorsustainablesteels.com\/fr\/#organization\"},\"potentialAction\":[{\"@type\":\"SearchAction\",\"target\":{\"@type\":\"EntryPoint\",\"urlTemplate\":\"https:\/\/www.sidenorsustainablesteels.com\/fr\/?s={search_term_string}\"},\"query-input\":{\"@type\":\"PropertyValueSpecification\",\"valueRequired\":true,\"valueName\":\"search_term_string\"}}],\"inLanguage\":\"fr-FR\"},{\"@type\":\"Organization\",\"@id\":\"https:\/\/www.sidenorsustainablesteels.com\/fr\/#organization\",\"name\":\"Sidenor Sustainable and Neutral Steels\",\"url\":\"https:\/\/www.sidenorsustainablesteels.com\/fr\/\",\"logo\":{\"@type\":\"ImageObject\",\"inLanguage\":\"fr-FR\",\"@id\":\"https:\/\/www.sidenorsustainablesteels.com\/fr\/#\/schema\/logo\/image\/\",\"url\":\"https:\/\/www.sidenorsustainablesteels.com\/wp-content\/uploads\/2024\/04\/sidenor-sustaiable-steels-logo.png\",\"contentUrl\":\"https:\/\/www.sidenorsustainablesteels.com\/wp-content\/uploads\/2024\/04\/sidenor-sustaiable-steels-logo.png\",\"width\":814,\"height\":253,\"caption\":\"Sidenor Sustainable and Neutral Steels\"},\"image\":{\"@id\":\"https:\/\/www.sidenorsustainablesteels.com\/fr\/#\/schema\/logo\/image\/\"}}]}<\/script>\n<!-- \/ Yoast SEO plugin. -->","yoast_head_json":{"title":"Acier Durable et Acier Neutre Sidenor","description":"Sidenor figure parmi les fournisseurs d\u2019aciers sp\u00e9ciaux \u00e0 faible empreinte carbone les plus performants. Chez Sidenor, nous mettons en \u0153uvre une vision qui repose sur l\u2019\u00e9valuation du cycle de vie (ECV) afin de r\u00e9duire l\u2019empreinte \u00e9cologique de nos produits. En outre, nous offrons \u00e0 nos clients la possibilit\u00e9 d\u2019acqu\u00e9rir des aciers durables et des aciers neutres.","robots":{"index":"index","follow":"follow","max-snippet":"max-snippet:-1","max-image-preview":"max-image-preview:large","max-video-preview":"max-video-preview:-1"},"canonical":"https:\/\/www.sidenorsustainablesteels.com\/fr\/","og_locale":"fr_FR","og_type":"article","og_title":"Acier Durable et Acier Neutre Sidenor","og_description":"Sidenor figure parmi les fournisseurs d\u2019aciers sp\u00e9ciaux \u00e0 faible empreinte carbone les plus performants. Chez Sidenor, nous mettons en \u0153uvre une vision qui repose sur l\u2019\u00e9valuation du cycle de vie (ECV) afin de r\u00e9duire l\u2019empreinte \u00e9cologique de nos produits. En outre, nous offrons \u00e0 nos clients la possibilit\u00e9 d\u2019acqu\u00e9rir des aciers durables et des aciers neutres.","og_url":"https:\/\/www.sidenorsustainablesteels.com\/fr\/","og_site_name":"Sidenor Sustainable Steels","article_modified_time":"2025-09-05T09:21:08+00:00","og_image":[{"width":1200,"height":630,"url":"https:\/\/www.sidenorsustainablesteels.com\/wp-content\/uploads\/2024\/03\/sidenorsustainablesteels-wire-og.jpg","type":"image\/jpeg"}],"twitter_card":"summary_large_image","schema":{"@context":"https:\/\/schema.org","@graph":[{"@type":"WebPage","@id":"https:\/\/www.sidenorsustainablesteels.com\/fr\/","url":"https:\/\/www.sidenorsustainablesteels.com\/fr\/","name":"Acier Durable et Acier Neutre Sidenor","isPartOf":{"@id":"https:\/\/www.sidenorsustainablesteels.com\/fr\/#website"},"datePublished":"2024-06-17T13:05:14+00:00","dateModified":"2025-09-05T09:21:08+00:00","description":"Sidenor figure parmi les fournisseurs d\u2019aciers sp\u00e9ciaux \u00e0 faible empreinte carbone les plus performants. Chez Sidenor, nous mettons en \u0153uvre une vision qui repose sur l\u2019\u00e9valuation du cycle de vie (ECV) afin de r\u00e9duire l\u2019empreinte \u00e9cologique de nos produits. En outre, nous offrons \u00e0 nos clients la possibilit\u00e9 d\u2019acqu\u00e9rir des aciers durables et des aciers neutres.","breadcrumb":{"@id":"https:\/\/www.sidenorsustainablesteels.com\/fr\/#breadcrumb"},"inLanguage":"fr-FR","potentialAction":[{"@type":"ReadAction","target":["https:\/\/www.sidenorsustainablesteels.com\/fr\/"]}]},{"@type":"BreadcrumbList","@id":"https:\/\/www.sidenorsustainablesteels.com\/fr\/#breadcrumb","itemListElement":[{"@type":"ListItem","position":1,"name":"Portada","item":"https:\/\/www.sidenorsustainablesteels.com\/fr\/acier-durable-et-acier-neutre-sidenor\/"},{"@type":"ListItem","position":2,"name":"Acier Durable et Acier Neutre Sidenor"}]},{"@type":"WebSite","@id":"https:\/\/www.sidenorsustainablesteels.com\/fr\/#website","url":"https:\/\/www.sidenorsustainablesteels.com\/fr\/","name":"Sidenor Sustainable and Neutral Steels","description":"","publisher":{"@id":"https:\/\/www.sidenorsustainablesteels.com\/fr\/#organization"},"potentialAction":[{"@type":"SearchAction","target":{"@type":"EntryPoint","urlTemplate":"https:\/\/www.sidenorsustainablesteels.com\/fr\/?s={search_term_string}"},"query-input":{"@type":"PropertyValueSpecification","valueRequired":true,"valueName":"search_term_string"}}],"inLanguage":"fr-FR"},{"@type":"Organization","@id":"https:\/\/www.sidenorsustainablesteels.com\/fr\/#organization","name":"Sidenor Sustainable and Neutral Steels","url":"https:\/\/www.sidenorsustainablesteels.com\/fr\/","logo":{"@type":"ImageObject","inLanguage":"fr-FR","@id":"https:\/\/www.sidenorsustainablesteels.com\/fr\/#\/schema\/logo\/image\/","url":"https:\/\/www.sidenorsustainablesteels.com\/wp-content\/uploads\/2024\/04\/sidenor-sustaiable-steels-logo.png","contentUrl":"https:\/\/www.sidenorsustainablesteels.com\/wp-content\/uploads\/2024\/04\/sidenor-sustaiable-steels-logo.png","width":814,"height":253,"caption":"Sidenor Sustainable and Neutral Steels"},"image":{"@id":"https:\/\/www.sidenorsustainablesteels.com\/fr\/#\/schema\/logo\/image\/"}}]}},"_links":{"self":[{"href":"https:\/\/www.sidenorsustainablesteels.com\/fr\/wp-json\/wp\/v2\/pages\/422","targetHints":{"allow":["GET"]}}],"collection":[{"href":"https:\/\/www.sidenorsustainablesteels.com\/fr\/wp-json\/wp\/v2\/pages"}],"about":[{"href":"https:\/\/www.sidenorsustainablesteels.com\/fr\/wp-json\/wp\/v2\/types\/page"}],"author":[{"embeddable":true,"href":"https:\/\/www.sidenorsustainablesteels.com\/fr\/wp-json\/wp\/v2\/users\/1"}],"replies":[{"embeddable":true,"href":"https:\/\/www.sidenorsustainablesteels.com\/fr\/wp-json\/wp\/v2\/comments?post=422"}],"version-history":[{"count":1,"href":"https:\/\/www.sidenorsustainablesteels.com\/fr\/wp-json\/wp\/v2\/pages\/422\/revisions"}],"predecessor-version":[{"id":423,"href":"https:\/\/www.sidenorsustainablesteels.com\/fr\/wp-json\/wp\/v2\/pages\/422\/revisions\/423"}],"wp:attachment":[{"href":"https:\/\/www.sidenorsustainablesteels.com\/fr\/wp-json\/wp\/v2\/media?parent=422"}],"curies":[{"name":"wp","href":"https:\/\/api.w.org\/{rel}","templated":true}]}}